{"id":115,"date":"2023-12-21T19:30:48","date_gmt":"2023-12-21T19:30:48","guid":{"rendered":"https:\/\/mil.usal.es\/?page_id=115"},"modified":"2025-07-28T15:30:06","modified_gmt":"2025-07-28T14:30:06","slug":"admision-y-matricula","status":"publish","type":"page","link":"https:\/\/mil.usal.es\/en\/admision-y-matricula\/","title":{"rendered":"(Espa\u00f1ol) ADMISI\u00d3N Y MATR\u00cdCULA"},"content":{"rendered":"<p class=\"qtranxs-available-languages-message qtranxs-available-languages-message-en\">Sorry, this entry is only available in <a href=\"https:\/\/mil.usal.es\/es\/wp-json\/wp\/v2\/pages\/115\" class=\"qtranxs-available-language-link qtranxs-available-language-link-es\" title=\"Espa\u00f1ol\">Espa\u00f1ol<\/a>.<\/p>","protected":false},"excerpt":{"rendered":"<p>Sorry, this entry is only available in Espa\u00f1ol.<\/p>\n","protected":false},"author":160,"featured_media":0,"parent":0,"menu_order":0,"comment_status":"closed","ping_status":"closed","template":"","meta":{"footnotes":""},"class_list":["post-115","page","type-page","status-publish","hentry"],"aioseo_notices":[],"_links":{"self":[{"href":"https:\/\/mil.usal.es\/en\/wp-json\/wp\/v2\/pages\/115","targetHints":{"allow":["GET"]}}],"collection":[{"href":"https:\/\/mil.usal.es\/en\/wp-json\/wp\/v2\/pages"}],"about":[{"href":"https:\/\/mil.usal.es\/en\/wp-json\/wp\/v2\/types\/page"}],"author":[{"embeddable":true,"href":"https:\/\/mil.usal.es\/en\/wp-json\/wp\/v2\/users\/160"}],"replies":[{"embeddable":true,"href":"https:\/\/mil.usal.es\/en\/wp-json\/wp\/v2\/comments?post=115"}],"version-history":[{"count":126,"href":"https:\/\/mil.usal.es\/en\/wp-json\/wp\/v2\/pages\/115\/revisions"}],"predecessor-version":[{"id":738,"href":"https:\/\/mil.usal.es\/en\/wp-json\/wp\/v2\/pages\/115\/revisions\/738"}],"wp:attachment":[{"href":"https:\/\/mil.usal.es\/en\/wp-json\/wp\/v2\/media?parent=115"}],"curies":[{"name":"wp","href":"https:\/\/api.w.org\/{rel}","templated":true}]}}